{"id":346,"date":"2021-02-19T15:08:34","date_gmt":"2021-02-19T14:08:34","guid":{"rendered":"https:\/\/collections.salvatoreplata.es\/atelier\/?page_id=346"},"modified":"2021-02-26T12:45:20","modified_gmt":"2021-02-26T11:45:20","slug":"inspiracion","status":"publish","type":"page","link":"https:\/\/collections.salvatoreplata.es\/atelier\/inspiracion\/","title":{"rendered":"Inspiraci\u00f3n"},"content":{"rendered":"<p><div class=\"fusion-fullwidth fullwidth-box fusion-builder-row-1 fusion-flex-container fusion-parallax-none nonhundred-percent-fullwidth non-hundred-percent-height-scrolling lazyload\" style=\"background-color: rgba(255,255,255,0);background-position: center center;background-repeat: no-repeat;border-width: 0px 0px 0px 0px;border-color:#e2e2e2;border-style:solid;-webkit-background-size:cover;-moz-background-size:cover;-o-background-size:cover;background-size:cover;\" data-bg=\"https:\/\/collections.salvatoreplata.es\/atelier\/wp-content\/uploads\/2021\/02\/bg-inspiracion.jpg\" ><div class=\"fusion-builder-row fusion-row fusion-flex-align-items-flex-end fusion-flex-align-content-flex-end\" style=\"max-width:1497.6px;margin-left: calc(-4% \/ 2 );margin-right: calc(-4% \/ 2 );\"><div class=\"fusion-layout-column fusion_builder_column fusion-builder-column-0 fusion_builder_column_1_1 1_1 fusion-flex-column fusion-flex-align-self-flex-end\"><div class=\"fusion-column-wrapper fusion-flex-justify-content-flex-end fusion-content-layout-column\" style=\"background-position:left top;background-repeat:no-repeat;-webkit-background-size:cover;-moz-background-size:cover;-o-background-size:cover;background-size:cover;padding: 0px 0px 0px 0px;\"><style type=\"text\/css\">@media only screen and (max-width:1024px) {.fusion-title.fusion-title-1{margin-top:10px!important; margin-right:0px!important;margin-bottom:15px!important;margin-left:0px!important;}}@media only screen and (max-width:640px) {.fusion-title.fusion-title-1{margin-top:10px!important; margin-right:0px!important;margin-bottom:10px!important; margin-left:0px!important;}}<\/style><div class=\"fusion-title title fusion-title-1 fusion-sep-none fusion-title-text fusion-title-size-one\" style=\"margin-top:10px;margin-right:0px;margin-bottom:15px;margin-left:0px;\"><h1 class=\"title-heading-left\" style=\"margin:0;\">Inspiraci\u00f3n<\/h1><\/div><\/div><style type=\"text\/css\">.fusion-body .fusion-builder-column-0{width:100% !important;margin-top : 900px;margin-bottom : 0px;}.fusion-builder-column-0 > .fusion-column-wrapper {padding-top : 0px !important;padding-right : 0px !important;margin-right : 1.92%;padding-bottom : 0px !important;padding-left : 0px !important;margin-left : 1.92%;}@media only screen and (max-width:1024px) {.fusion-body .fusion-builder-column-0{width:100% !important;order : 0;}.fusion-builder-column-0 > .fusion-column-wrapper {margin-right : 1.92%;margin-left : 1.92%;}}@media only screen and (max-width:640px) {.fusion-body .fusion-builder-column-0{width:100% !important;order : 0;}.fusion-builder-column-0 > .fusion-column-wrapper {margin-right : 1.92%;margin-left : 1.92%;}}<\/style><\/div><\/div><style type=\"text\/css\">.fusion-body .fusion-flex-container.fusion-builder-row-1{ padding-top : 0px;margin-top : 25px;padding-right : 30px;padding-bottom : 0px;margin-bottom : 0px;padding-left : 30px;}<\/style><\/div><div class=\"fusion-fullwidth fullwidth-box fusion-builder-row-2 fusion-flex-container nonhundred-percent-fullwidth non-hundred-percent-height-scrolling\" style=\"background-color: rgba(255,255,255,0);background-position: center center;background-repeat: no-repeat;border-width: 0px 0px 0px 0px;border-color:#e2e2e2;border-style:solid;\" ><div class=\"fusion-builder-row fusion-row fusion-flex-align-items-flex-start\" style=\"max-width:1497.6px;margin-left: calc(-4% \/ 2 );margin-right: calc(-4% \/ 2 );\"><div class=\"fusion-layout-column fusion_builder_column fusion-builder-column-1 fusion_builder_column_1_2 1_2 fusion-flex-column\"><div class=\"fusion-column-wrapper fusion-flex-justify-content-flex-start fusion-content-layout-column\" style=\"background-position:left top;background-repeat:no-repeat;-webkit-background-size:cover;-moz-background-size:cover;-o-background-size:cover;background-size:cover;padding: 0px 0px 0px 0px;\"><div class=\"fusion-text fusion-text-1\"><p>Una tarde de junio, la luz filtrada por una ventana entra tenue en mi taller, hace calor.<\/p>\n<p>Tiro fuerte de la s\u00e1bana vieja que protege la antigua c\u00f3moda y millones de puntos de polvo brillan a trav\u00e9s de los rayos de sol.<\/p>\n<p>Huele a barniz y a madera vieja, me sirvo un t\u00e9 fr\u00edo, pongo un antiguo vinilo en el arcaico tocadiscos, me siento y pienso y recuerdo&#8230; hac\u00eda mucho tiempo que no lo hac\u00eda.<\/p>\n<p>Examino cada rinc\u00f3n, donde ella colgaba sus pinceles, sus \u00f3leos viejos, aquel cuadro que nunca me gust\u00f3, la estanter\u00eda donde, en peque\u00f1os botes de cristal, pon\u00eda los esquejes de aquellas plantas que iba encontrando, su mesa de madera donde pas\u00e1bamos horas jugando al ajedrez, esas vigas viejas y aquel ba\u00fal&#8230;<\/p>\n<p>El ba\u00fal donde guardaba una veintena de vestidos con los que me gustaba so\u00f1ar a ser ella.<\/p>\n<p>Ahora, despu\u00e9s de tantos a\u00f1os, me encuentro de nuevo sentada aqu\u00ed, redescubriendo cada grieta de la pared, cada huella de arte que ella dej\u00f3 y pienso estar todo el tiempo que quiera, aqu\u00ed, en L\u2019Atelier.<\/p>\n<\/div><\/div><style type=\"text\/css\">.fusion-body .fusion-builder-column-1{width:50% !important;margin-top : 0px;margin-bottom : 20px;}.fusion-builder-column-1 > .fusion-column-wrapper {padding-top : 0px !important;padding-right : 0px !important;margin-right : 3.84%;padding-bottom : 0px !important;padding-left : 0px !important;margin-left : 3.84%;}@media only screen and (max-width:1024px) {.fusion-body .fusion-builder-column-1{width:50% !important;order : 0;}.fusion-builder-column-1 > .fusion-column-wrapper {margin-right : 3.84%;margin-left : 3.84%;}}@media only screen and (max-width:640px) {.fusion-body .fusion-builder-column-1{width:100% !important;order : 0;}.fusion-builder-column-1 > .fusion-column-wrapper {margin-right : 1.92%;margin-left : 1.92%;}}<\/style><\/div><div class=\"fusion-layout-column fusion_builder_column fusion-builder-column-2 fusion_builder_column_1_2 1_2 fusion-flex-column\"><div class=\"fusion-column-wrapper fusion-flex-justify-content-flex-start fusion-content-layout-column\" style=\"background-position:left top;background-repeat:no-repeat;-webkit-background-size:cover;-moz-background-size:cover;-o-background-size:cover;background-size:cover;padding: 0px 0px 0px 0px;\"><div class=\"fusion-text fusion-text-2\"><p><strong>L\u2019Atelier, la colecci\u00f3n m\u00e1s \u00edntima de Salvatore Plata, donde el arte m\u00e1s libre renace e inspira cada joya.<\/strong><\/p>\n<p>El a\u00f1o 2020 nos ha obligado a ver la vida desde una perspectiva distinta y sobre todo nos ha mostrado, de la forma m\u00e1s cruda, de lo que somos capaces, capaces de sacar de dentro lo mejor de nosotr@s mism@s, hemos tenido tiempo de conocernos de nuevo y dar rienda suelta a nuestra creatividad.<\/p>\n<p>L\u2019Atelier es un recuerdo lleno de colores, de olores, de tejidos, de luces y sombras, de anhelos y de sue\u00f1os vistos a trav\u00e9s del arte, que ha inspirado de forma tan marcada nuestra nueva colecci\u00f3n.<\/p>\n<p>El arte entendido como expresi\u00f3n creativa, como algo que todos poseemos de uno u otro modo, el arte en su forma m\u00e1s primitiva y libre.<\/p>\n<p>Las manos manchadas de pintura, los esmaltes, los panes de oro, el jarr\u00f3n de rosas al lado de la ventana, las tardes de lluvia en verano, las campanas de la Iglesia y esa vieja m\u00e1quina de escribir.<\/p>\n<p>Todo eso en un espacio id\u00edlico, el taller que a todas nos gustar\u00eda tener, un espacio donde relajar nuestra mente, pintar, bailar y por supuesto, crear.<\/p>\n<\/div><\/div><style type=\"text\/css\">.fusion-body .fusion-builder-column-2{width:50% !important;margin-top : 0px;margin-bottom : 20px;}.fusion-builder-column-2 > .fusion-column-wrapper {padding-top : 0px !important;padding-right : 0px !important;margin-right : 3.84%;padding-bottom : 0px !important;padding-left : 0px !important;margin-left : 3.84%;}@media only screen and (max-width:1024px) {.fusion-body .fusion-builder-column-2{width:50% !important;order : 0;}.fusion-builder-column-2 > .fusion-column-wrapper {margin-right : 3.84%;margin-left : 3.84%;}}@media only screen and (max-width:640px) {.fusion-body .fusion-builder-column-2{width:100% !important;order : 0;}.fusion-builder-column-2 > .fusion-column-wrapper {margin-right : 1.92%;margin-left : 1.92%;}}<\/style><\/div><\/div><style type=\"text\/css\">.fusion-body .fusion-flex-container.fusion-builder-row-2{ padding-top : 0px;margin-top : 50px;padding-right : 30px;padding-bottom : 0px;margin-bottom : 0px;padding-left : 30px;}<\/style><\/div><div class=\"fusion-fullwidth fullwidth-box fusion-builder-row-3 fusion-flex-container nonhundred-percent-fullwidth non-hundred-percent-height-scrolling\" style=\"background-color: rgba(255,255,255,0);background-position: right top;background-repeat: no-repeat;border-width: 0px 0px 0px 0px;border-color:#e2e2e2;border-style:solid;\" ><div class=\"fusion-builder-row fusion-row fusion-flex-align-items-flex-start\" style=\"max-width:1497.6px;margin-left: calc(-4% \/ 2 );margin-right: calc(-4% \/ 2 );\"><div class=\"fusion-layout-column fusion_builder_column fusion-builder-column-3 fusion_builder_column_1_2 1_2 fusion-flex-column\"><div class=\"fusion-column-wrapper fusion-flex-justify-content-flex-start fusion-content-layout-column\" style=\"background-position:left top;background-repeat:no-repeat;-webkit-background-size:cover;-moz-background-size:cover;-o-background-size:cover;background-size:cover;padding: 0px 0px 0px 0px;\"><div style=\"text-align:center;\"><span class=\" fusion-imageframe imageframe-none imageframe-1 hover-type-none\"><a href=\"https:\/\/collections.salvatoreplata.es\/atelier\/wp-content\/uploads\/2021\/02\/inspiracion.jpg\" class=\"fusion-lightbox\" data-rel=\"iLightbox[557b578e8d8822754f5]\" data-title=\"Inspiraci\u00f3n\" title=\"Inspiraci\u00f3n\"><img decoding=\"async\" width=\"644\" height=\"914\" alt=\"Inspiraci\u00f3n\" src=\"https:\/\/collections.salvatoreplata.es\/atelier\/wp-content\/uploads\/2021\/02\/inspiracion.jpg\" data-orig-src=\"https:\/\/collections.salvatoreplata.es\/atelier\/wp-content\/uploads\/2021\/02\/inspiracion.jpg\" class=\"lazyload img-responsive wp-image-360\" srcset=\"data:image\/svg+xml,%3Csvg%20xmlns%3D%27http%3A%2F%2Fwww.w3.org%2F2000%2Fsvg%27%20width%3D%27644%27%20height%3D%27914%27%20viewBox%3D%270%200%20644%20914%27%3E%3Crect%20width%3D%27644%27%20height%3D%27914%27%20fill-opacity%3D%220%22%2F%3E%3C%2Fsvg%3E\" data-srcset=\"https:\/\/collections.salvatoreplata.es\/atelier\/wp-content\/uploads\/2021\/02\/inspiracion-200x284.jpg 200w, https:\/\/collections.salvatoreplata.es\/atelier\/wp-content\/uploads\/2021\/02\/inspiracion-400x568.jpg 400w, https:\/\/collections.salvatoreplata.es\/atelier\/wp-content\/uploads\/2021\/02\/inspiracion-600x852.jpg 600w, https:\/\/collections.salvatoreplata.es\/atelier\/wp-content\/uploads\/2021\/02\/inspiracion.jpg 644w\" data-sizes=\"auto\" data-orig-sizes=\"(max-width: 640px) 100vw, 644px\" \/><\/a><\/span><\/div><\/div><style type=\"text\/css\">.fusion-body .fusion-builder-column-3{width:50% !important;margin-top : 0px;margin-bottom : 20px;}.fusion-builder-column-3 > .fusion-column-wrapper {padding-top : 0px !important;padding-right : 0px !important;margin-right : 3.84%;padding-bottom : 0px !important;padding-left : 0px !important;margin-left : 3.84%;}@media only screen and (max-width:1024px) {.fusion-body .fusion-builder-column-3{width:50% !important;order : 0;}.fusion-builder-column-3 > .fusion-column-wrapper {margin-right : 3.84%;margin-left : 3.84%;}}@media only screen and (max-width:640px) {.fusion-body .fusion-builder-column-3{width:100% !important;order : 0;}.fusion-builder-column-3 > .fusion-column-wrapper {margin-right : 1.92%;margin-left : 1.92%;}}<\/style><\/div><div class=\"fusion-layout-column fusion_builder_column fusion-builder-column-4 fusion_builder_column_1_2 1_2 fusion-flex-column\"><div class=\"fusion-column-wrapper fusion-flex-justify-content-flex-start fusion-content-layout-column\" style=\"background-position:center top;background-repeat:no-repeat;-webkit-background-size:cover;-moz-background-size:cover;-o-background-size:cover;background-size:cover;padding: 0px 0px 0px 0px;\"><div style=\"text-align:center;\"><span class=\" fusion-imageframe imageframe-none imageframe-2 hover-type-none\" style=\"width:100%;max-width:250px;\"><a class=\"fusion-no-lightbox\" href=\"https:\/\/collections.salvatoreplata.es\/atelier\/colecciones\/\" target=\"_self\" aria-label=\"firma-inspiracion\"><img decoding=\"async\" width=\"300\" height=\"220\" src=\"https:\/\/collections.salvatoreplata.es\/atelier\/wp-content\/uploads\/2021\/02\/firma-inspiracion.png\" data-orig-src=\"https:\/\/collections.salvatoreplata.es\/atelier\/wp-content\/uploads\/2021\/02\/firma-inspiracion.png\" class=\"lazyload img-responsive wp-image-363\" srcset=\"data:image\/svg+xml,%3Csvg%20xmlns%3D%27http%3A%2F%2Fwww.w3.org%2F2000%2Fsvg%27%20width%3D%27300%27%20height%3D%27220%27%20viewBox%3D%270%200%20300%20220%27%3E%3Crect%20width%3D%27300%27%20height%3D%27220%27%20fill-opacity%3D%220%22%2F%3E%3C%2Fsvg%3E\" data-srcset=\"https:\/\/collections.salvatoreplata.es\/atelier\/wp-content\/uploads\/2021\/02\/firma-inspiracion-200x147.png 200w, https:\/\/collections.salvatoreplata.es\/atelier\/wp-content\/uploads\/2021\/02\/firma-inspiracion.png 300w\" data-sizes=\"auto\" data-orig-sizes=\"(max-width: 640px) 100vw, 300px\" \/><\/a><\/span><\/div><div style=\"text-align:right;\"><span class=\" fusion-imageframe imageframe-none imageframe-3 hover-type-none\" style=\"margin-top:150px;\"><img decoding=\"async\" width=\"472\" height=\"456\" src=\"https:\/\/collections.salvatoreplata.es\/atelier\/wp-content\/uploads\/2021\/02\/bg2-inspiracion-1.jpg\" data-orig-src=\"https:\/\/collections.salvatoreplata.es\/atelier\/wp-content\/uploads\/2021\/02\/bg2-inspiracion-1.jpg\" class=\"lazyload img-responsive wp-image-748\" srcset=\"data:image\/svg+xml,%3Csvg%20xmlns%3D%27http%3A%2F%2Fwww.w3.org%2F2000%2Fsvg%27%20width%3D%27472%27%20height%3D%27456%27%20viewBox%3D%270%200%20472%20456%27%3E%3Crect%20width%3D%27472%27%20height%3D%27456%27%20fill-opacity%3D%220%22%2F%3E%3C%2Fsvg%3E\" data-srcset=\"https:\/\/collections.salvatoreplata.es\/atelier\/wp-content\/uploads\/2021\/02\/bg2-inspiracion-1-200x193.jpg 200w, https:\/\/collections.salvatoreplata.es\/atelier\/wp-content\/uploads\/2021\/02\/bg2-inspiracion-1-400x386.jpg 400w, https:\/\/collections.salvatoreplata.es\/atelier\/wp-content\/uploads\/2021\/02\/bg2-inspiracion-1.jpg 472w\" data-sizes=\"auto\" data-orig-sizes=\"(max-width: 640px) 100vw, 472px\" \/><\/span><\/div><\/div><style type=\"text\/css\">.fusion-body .fusion-builder-column-4{width:50% !important;margin-top : 0px;margin-bottom : 20px;}.fusion-builder-column-4 > .fusion-column-wrapper {padding-top : 0px !important;padding-right : 0px !important;margin-right : 3.84%;padding-bottom : 0px !important;padding-left : 0px !important;margin-left : 3.84%;}@media only screen and (max-width:1024px) {.fusion-body .fusion-builder-column-4{width:50% !important;order : 0;}.fusion-builder-column-4 > .fusion-column-wrapper {margin-right : 3.84%;margin-left : 3.84%;}}@media only screen and (max-width:640px) {.fusion-body .fusion-builder-column-4{width:100% !important;order : 0;}.fusion-builder-column-4 > .fusion-column-wrapper {margin-right : 1.92%;margin-left : 1.92%;}}<\/style><\/div><\/div><style type=\"text\/css\">.fusion-body .fusion-flex-container.fusion-builder-row-3{ padding-top : 0px;margin-top : 0px;padding-right : 30px;padding-bottom : 0px;margin-bottom : 0px;padding-left : 30px;}<\/style><\/div><\/p>\n","protected":false},"excerpt":{"rendered":"","protected":false},"author":1,"featured_media":0,"parent":0,"menu_order":0,"comment_status":"closed","ping_status":"closed","template":"","meta":{"footnotes":""},"class_list":["post-346","page","type-page","status-publish","hentry"],"_links":{"self":[{"href":"https:\/\/collections.salvatoreplata.es\/atelier\/wp-json\/wp\/v2\/pages\/346","targetHints":{"allow":["GET"]}}],"collection":[{"href":"https:\/\/collections.salvatoreplata.es\/atelier\/wp-json\/wp\/v2\/pages"}],"about":[{"href":"https:\/\/collections.salvatoreplata.es\/atelier\/wp-json\/wp\/v2\/types\/page"}],"author":[{"embeddable":true,"href":"https:\/\/collections.salvatoreplata.es\/atelier\/wp-json\/wp\/v2\/users\/1"}],"replies":[{"embeddable":true,"href":"https:\/\/collections.salvatoreplata.es\/atelier\/wp-json\/wp\/v2\/comments?post=346"}],"version-history":[{"count":13,"href":"https:\/\/collections.salvatoreplata.es\/atelier\/wp-json\/wp\/v2\/pages\/346\/revisions"}],"predecessor-version":[{"id":1175,"href":"https:\/\/collections.salvatoreplata.es\/atelier\/wp-json\/wp\/v2\/pages\/346\/revisions\/1175"}],"wp:attachment":[{"href":"https:\/\/collections.salvatoreplata.es\/atelier\/wp-json\/wp\/v2\/media?parent=346"}],"curies":[{"name":"wp","href":"https:\/\/api.w.org\/{rel}","templated":true}]}}