{"id":1268,"date":"2021-02-19T15:10:50","date_gmt":"2021-02-19T14:10:50","guid":{"rendered":"https:\/\/collections.salvatoreplata.es\/le-club-summer\/video-coleccion\/"},"modified":"2023-01-30T17:02:51","modified_gmt":"2023-01-30T15:02:51","slug":"video-de-colecao","status":"publish","type":"page","link":"https:\/\/collections.salvatoreplata.es\/diversity-summer\/pt\/video-de-colecao\/","title":{"rendered":"V\u00eddeo de cole\u00e7\u00e3o"},"content":{"rendered":"<div class=\"fusion-fullwidth fullwidth-box fusion-builder-row-1 fusion-flex-container nonhundred-percent-fullwidth non-hundred-percent-height-scrolling\" style=\"--awb-border-radius-top-left:0px;--awb-border-radius-top-right:0px;--awb-border-radius-bottom-right:0px;--awb-border-radius-bottom-left:0px;--awb-padding-top:0px;--awb-padding-right:0px;--awb-padding-bottom:0px;--awb-padding-left:0px;--awb-margin-top:25px;\" ><div class=\"fusion-builder-row fusion-row fusion-flex-align-items-flex-start\" style=\"max-width:1497.6px;margin-left: calc(-4% \/ 2 );margin-right: calc(-4% \/ 2 );\"><div class=\"fusion-layout-column fusion_builder_column fusion-builder-column-0 fusion_builder_column_1_1 1_1 fusion-flex-column\" style=\"--awb-bg-size:cover;--awb-width-large:100%;--awb-margin-top-large:0px;--awb-spacing-right-large:1.92%;--awb-margin-bottom-large:20px;--awb-spacing-left-large:1.92%;--awb-width-medium:100%;--awb-order-medium:0;--awb-spacing-right-medium:1.92%;--awb-spacing-left-medium:1.92%;--awb-width-small:100%;--awb-order-small:0;--awb-spacing-right-small:1.92%;--awb-spacing-left-small:1.92%;\"><div class=\"fusion-column-wrapper fusion-column-has-shadow fusion-flex-justify-content-flex-start fusion-content-layout-column\"><style>.embed-container { position: relative; padding-bottom: 56.25%; height: 0; overflow: hidden; max-width: 100%; } .embed-container iframe, .embed-container object, .embed-container embed { position: absolute; top: 0; left: 0; width: 100%; height: 100%; }<\/style>\n<div class='embed-container'><iframe data-cookieconsent=\"Estad\u00edstica\" width='560' height='315' src='https:\/\/www.youtube.com\/embed\/MEhiSnPefU0' frameborder='0' allow='accelerometer; autoplay; clipboard-write; encrypted-media; gyroscope; picture-in-picture' allowfullscreen><\/iframe><\/div><\/div><\/div><\/div><\/div>\n","protected":false},"excerpt":{"rendered":"","protected":false},"author":1,"featured_media":0,"parent":0,"menu_order":0,"comment_status":"closed","ping_status":"closed","template":"","meta":{"footnotes":""},"class_list":["post-1268","page","type-page","status-publish","hentry"],"_links":{"self":[{"href":"https:\/\/collections.salvatoreplata.es\/diversity-summer\/pt\/wp-json\/wp\/v2\/pages\/1268","targetHints":{"allow":["GET"]}}],"collection":[{"href":"https:\/\/collections.salvatoreplata.es\/diversity-summer\/pt\/wp-json\/wp\/v2\/pages"}],"about":[{"href":"https:\/\/collections.salvatoreplata.es\/diversity-summer\/pt\/wp-json\/wp\/v2\/types\/page"}],"author":[{"embeddable":true,"href":"https:\/\/collections.salvatoreplata.es\/diversity-summer\/pt\/wp-json\/wp\/v2\/users\/1"}],"replies":[{"embeddable":true,"href":"https:\/\/collections.salvatoreplata.es\/diversity-summer\/pt\/wp-json\/wp\/v2\/comments?post=1268"}],"version-history":[{"count":7,"href":"https:\/\/collections.salvatoreplata.es\/diversity-summer\/pt\/wp-json\/wp\/v2\/pages\/1268\/revisions"}],"predecessor-version":[{"id":11910,"href":"https:\/\/collections.salvatoreplata.es\/diversity-summer\/pt\/wp-json\/wp\/v2\/pages\/1268\/revisions\/11910"}],"wp:attachment":[{"href":"https:\/\/collections.salvatoreplata.es\/diversity-summer\/pt\/wp-json\/wp\/v2\/media?parent=1268"}],"curies":[{"name":"wp","href":"https:\/\/api.w.org\/{rel}","templated":true}]}}