{"id":10588,"date":"2021-02-19T15:08:34","date_gmt":"2021-02-19T14:08:34","guid":{"rendered":"https:\/\/collections.salvatoreplata.es\/le-club-summer\/inspiracion\/"},"modified":"2022-02-01T12:06:03","modified_gmt":"2022-02-01T11:06:03","slug":"inspiracao","status":"publish","type":"page","link":"https:\/\/collections.salvatoreplata.es\/le-club-summer\/pt\/inspiracao\/","title":{"rendered":"Inspira\u00e7\u00e3o"},"content":{"rendered":"<p><div class=\"fusion-fullwidth fullwidth-box fusion-builder-row-1 fusion-flex-container nonhundred-percent-fullwidth non-hundred-percent-height-scrolling\" style=\"background-color: rgba(255,255,255,0);background-position: center center;background-repeat: no-repeat;border-width: 0px 0px 0px 0px;border-color:#e2e2e2;border-style:solid;\" ><div class=\"fusion-builder-row fusion-row fusion-flex-align-items-flex-start fusion-flex-justify-content-center\" style=\"max-width:1497.6px;margin-left: calc(-4% \/ 2 );margin-right: calc(-4% \/ 2 );\"><div class=\"fusion-layout-column fusion_builder_column fusion-builder-column-0 fusion_builder_column_1_1 1_1 fusion-flex-column\"><div class=\"fusion-column-wrapper fusion-flex-justify-content-flex-start fusion-content-layout-column\" style=\"background-position:left top;background-repeat:no-repeat;-webkit-background-size:cover;-moz-background-size:cover;-o-background-size:cover;background-size:cover;padding: 0px 0px 0px 0px;\"><div ><span class=\" fusion-imageframe imageframe-none imageframe-1 hover-type-none\"><img decoding=\"async\" width=\"1200\" height=\"764\" alt=\"Inspira\u00e7\u00e3o\" title=\"Inspira\u00e7\u00e3o\" src=\"https:\/\/collections.salvatoreplata.es\/le-club-summer\/wp-content\/uploads\/2022\/02\/carta-inspiracion-1200x764-port.jpg\" data-orig-src=\"https:\/\/collections.salvatoreplata.es\/le-club-summer\/wp-content\/uploads\/2022\/02\/carta-inspiracion-1200x764-port.jpg\" class=\"lazyload img-responsive wp-image-10758\" srcset=\"data:image\/svg+xml,%3Csvg%20xmlns%3D%27http%3A%2F%2Fwww.w3.org%2F2000%2Fsvg%27%20width%3D%271200%27%20height%3D%27764%27%20viewBox%3D%270%200%201200%20764%27%3E%3Crect%20width%3D%271200%27%20height%3D%27764%27%20fill-opacity%3D%220%22%2F%3E%3C%2Fsvg%3E\" data-srcset=\"https:\/\/collections.salvatoreplata.es\/le-club-summer\/wp-content\/uploads\/2022\/02\/carta-inspiracion-1200x764-port-200x127.jpg 200w, https:\/\/collections.salvatoreplata.es\/le-club-summer\/wp-content\/uploads\/2022\/02\/carta-inspiracion-1200x764-port-400x255.jpg 400w, https:\/\/collections.salvatoreplata.es\/le-club-summer\/wp-content\/uploads\/2022\/02\/carta-inspiracion-1200x764-port-600x382.jpg 600w, https:\/\/collections.salvatoreplata.es\/le-club-summer\/wp-content\/uploads\/2022\/02\/carta-inspiracion-1200x764-port-800x509.jpg 800w, https:\/\/collections.salvatoreplata.es\/le-club-summer\/wp-content\/uploads\/2022\/02\/carta-inspiracion-1200x764-port.jpg 1200w\" data-sizes=\"auto\" data-orig-sizes=\"(max-width: 640px) 100vw, 1200px\" \/><\/span><\/div><\/div><style type=\"text\/css\">.fusion-body .fusion-builder-column-0{width:100% !important;margin-top : 0px;margin-bottom : 20px;}.fusion-builder-column-0 > .fusion-column-wrapper {padding-top : 0px !important;padding-right : 0px !important;margin-right : 1.92%;padding-bottom : 0px !important;padding-left : 0px !important;margin-left : 1.92%;}@media only screen and (max-width:1024px) {.fusion-body .fusion-builder-column-0{width:100% !important;order : 0;}.fusion-builder-column-0 > .fusion-column-wrapper {margin-right : 1.92%;margin-left : 1.92%;}}@media only screen and (max-width:640px) {.fusion-body .fusion-builder-column-0{width:100% !important;order : 0;}.fusion-builder-column-0 > .fusion-column-wrapper {margin-right : 1.92%;margin-left : 1.92%;}}<\/style><\/div><\/div><style type=\"text\/css\">.fusion-body .fusion-flex-container.fusion-builder-row-1{ padding-top : 0px;margin-top : 0px;padding-right : 30px;padding-bottom : 0px;margin-bottom : 0px;padding-left : 30px;}<\/style><\/div><div class=\"fusion-fullwidth fullwidth-box fusion-builder-row-2 fusion-flex-container nonhundred-percent-fullwidth non-hundred-percent-height-scrolling\" style=\"background-color: rgba(255,255,255,0);background-position: center center;background-repeat: no-repeat;border-width: 0px 0px 0px 0px;border-color:#e2e2e2;border-style:solid;\" ><div class=\"fusion-builder-row fusion-row fusion-flex-align-items-flex-start fusion-flex-justify-content-center\" style=\"max-width:1497.6px;margin-left: calc(-4% \/ 2 );margin-right: calc(-4% \/ 2 );\"><div class=\"fusion-layout-column fusion_builder_column fusion-builder-column-1 fusion_builder_column_2_5 2_5 fusion-flex-column\"><div class=\"fusion-column-wrapper fusion-flex-justify-content-flex-start fusion-content-layout-column\" style=\"background-position:left top;background-repeat:no-repeat;-webkit-background-size:cover;-moz-background-size:cover;-o-background-size:cover;background-size:cover;padding: 0px 0px 0px 0px;\"><div class=\"fusion-text fusion-text-1\"><p>Os raios de luz se filtram atrav\u00e9s da janela e a brisa do amanhecer sopra para dentro do meu quarto, fazendo esvoa\u00e7ar as cortinas de linho. O meu sonho transforma-se num tremendo desejo de que o sol atinja o meu rosto e comece a sentir o aroma a sal.<\/p>\n<p>Saio para a varanda, desperto, solto um enorme bocejo e olho para a imensid\u00e3o do mar. Hoje, est\u00e1 especialmente turquesa e reflete o brilho do sol da alvorada, que tinge as ondas de ouro.<\/p>\n<\/div><\/div><style type=\"text\/css\">.fusion-body .fusion-builder-column-1{width:40% !important;margin-top : 0px;margin-bottom : 20px;}.fusion-builder-column-1 > .fusion-column-wrapper {padding-top : 0px !important;padding-right : 0px !important;margin-right : 4.8%;padding-bottom : 0px !important;padding-left : 0px !important;margin-left : 4.8%;}@media only screen and (max-width:1024px) {.fusion-body .fusion-builder-column-1{width:40% !important;order : 0;}.fusion-builder-column-1 > .fusion-column-wrapper {margin-right : 4.8%;margin-left : 4.8%;}}@media only screen and (max-width:640px) {.fusion-body .fusion-builder-column-1{width:100% !important;order : 0;}.fusion-builder-column-1 > .fusion-column-wrapper {margin-right : 1.92%;margin-left : 1.92%;}}<\/style><\/div><div class=\"fusion-layout-column fusion_builder_column fusion-builder-column-2 fusion_builder_column_2_5 2_5 fusion-flex-column\"><div class=\"fusion-column-wrapper fusion-flex-justify-content-flex-start fusion-content-layout-column\" style=\"background-position:left top;background-repeat:no-repeat;-webkit-background-size:cover;-moz-background-size:cover;-o-background-size:cover;background-size:cover;padding: 0px 0px 0px 0px;\"><div class=\"fusion-text fusion-text-2\"><p>Olho \u00e0 minha volta. As paredes brancas envolvem tudo em luz e as abelhas voam por entre as buganv\u00edlias no jardim. Vejo um aglomerado de grandes catos, debaixo de uma alt\u00edssima palmeira, que balan\u00e7a ao som das ondas. A paz e a calma invadem-me, da cabe\u00e7a aos p\u00e9s. Inspiro para encher os pulm\u00f5es de ar fresco e sinto um leve aroma de caf\u00e9 vindo da cozinha&#8230;<\/p>\n<\/div><\/div><style type=\"text\/css\">.fusion-body .fusion-builder-column-2{width:40% !important;margin-top : 0px;margin-bottom : 20px;}.fusion-builder-column-2 > .fusion-column-wrapper {padding-top : 0px !important;padding-right : 0px !important;margin-right : 4.8%;padding-bottom : 0px !important;padding-left : 0px !important;margin-left : 4.8%;}@media only screen and (max-width:1024px) {.fusion-body .fusion-builder-column-2{width:40% !important;order : 0;}.fusion-builder-column-2 > .fusion-column-wrapper {margin-right : 4.8%;margin-left : 4.8%;}}@media only screen and (max-width:640px) {.fusion-body .fusion-builder-column-2{width:100% !important;order : 0;}.fusion-builder-column-2 > .fusion-column-wrapper {margin-right : 1.92%;margin-left : 1.92%;}}<\/style><\/div><\/div><style type=\"text\/css\">.fusion-body .fusion-flex-container.fusion-builder-row-2{ padding-top : 0px;margin-top : 3rem;padding-right : 30px;padding-bottom : 0px;margin-bottom : 0px;padding-left : 30px;}<\/style><\/div><div class=\"fusion-fullwidth fullwidth-box fusion-builder-row-3 fusion-flex-container nonhundred-percent-fullwidth non-hundred-percent-height-scrolling\" style=\"background-color: rgba(255,255,255,0);background-position: center center;background-repeat: no-repeat;border-width: 0px 0px 0px 0px;border-color:#e2e2e2;border-style:solid;\" ><div class=\"fusion-builder-row fusion-row fusion-flex-align-items-flex-start\" style=\"max-width:1497.6px;margin-left: calc(-4% \/ 2 );margin-right: calc(-4% \/ 2 );\"><div class=\"fusion-layout-column fusion_builder_column fusion-builder-column-3 fusion_builder_column_1_1 1_1 fusion-flex-column\"><div class=\"fusion-column-wrapper fusion-flex-justify-content-flex-start fusion-content-layout-column\" style=\"background-position:left top;background-repeat:no-repeat;-webkit-background-size:cover;-moz-background-size:cover;-o-background-size:cover;background-size:cover;padding: 0px 0px 0px 0px;\"><div ><span class=\" fusion-imageframe imageframe-none imageframe-2 hover-type-none\"><img decoding=\"async\" width=\"2200\" height=\"1255\" alt=\"Inspiraci\u00f3n Le Club Summer\" title=\"Inspira\u00e7\u00e3o\" src=\"https:\/\/collections.salvatoreplata.es\/le-club-summer\/wp-content\/uploads\/2022\/01\/mosaico-inspiracion.jpg\" data-orig-src=\"https:\/\/collections.salvatoreplata.es\/le-club-summer\/wp-content\/uploads\/2022\/01\/mosaico-inspiracion.jpg\" class=\"lazyload img-responsive wp-image-7928\" srcset=\"data:image\/svg+xml,%3Csvg%20xmlns%3D%27http%3A%2F%2Fwww.w3.org%2F2000%2Fsvg%27%20width%3D%272200%27%20height%3D%271255%27%20viewBox%3D%270%200%202200%201255%27%3E%3Crect%20width%3D%272200%27%20height%3D%271255%27%20fill-opacity%3D%220%22%2F%3E%3C%2Fsvg%3E\" data-srcset=\"https:\/\/collections.salvatoreplata.es\/le-club-summer\/wp-content\/uploads\/2022\/01\/mosaico-inspiracion-200x114.jpg 200w, https:\/\/collections.salvatoreplata.es\/le-club-summer\/wp-content\/uploads\/2022\/01\/mosaico-inspiracion-400x228.jpg 400w, https:\/\/collections.salvatoreplata.es\/le-club-summer\/wp-content\/uploads\/2022\/01\/mosaico-inspiracion-600x342.jpg 600w, https:\/\/collections.salvatoreplata.es\/le-club-summer\/wp-content\/uploads\/2022\/01\/mosaico-inspiracion-800x456.jpg 800w, https:\/\/collections.salvatoreplata.es\/le-club-summer\/wp-content\/uploads\/2022\/01\/mosaico-inspiracion-1200x685.jpg 1200w, https:\/\/collections.salvatoreplata.es\/le-club-summer\/wp-content\/uploads\/2022\/01\/mosaico-inspiracion.jpg 2200w\" data-sizes=\"auto\" data-orig-sizes=\"(max-width: 640px) 100vw, 2200px\" \/><\/span><\/div><\/div><style type=\"text\/css\">.fusion-body .fusion-builder-column-3{width:100% !important;margin-top : 0px;margin-bottom : 20px;}.fusion-builder-column-3 > .fusion-column-wrapper {padding-top : 0px !important;padding-right : 0px !important;margin-right : 1.92%;padding-bottom : 0px !important;padding-left : 0px !important;margin-left : 1.92%;}@media only screen and (max-width:1024px) {.fusion-body .fusion-builder-column-3{width:100% !important;order : 0;}.fusion-builder-column-3 > .fusion-column-wrapper {margin-right : 1.92%;margin-left : 1.92%;}}@media only screen and (max-width:640px) {.fusion-body .fusion-builder-column-3{width:100% !important;order : 0;}.fusion-builder-column-3 > .fusion-column-wrapper {margin-right : 1.92%;margin-left : 1.92%;}}<\/style><\/div><\/div><style type=\"text\/css\">.fusion-body .fusion-flex-container.fusion-builder-row-3{ padding-top : 0px;margin-top : 3rem;padding-right : 30px;padding-bottom : 0px;margin-bottom : 0px;padding-left : 30px;}<\/style><\/div><div class=\"fusion-fullwidth fullwidth-box fusion-builder-row-4 fusion-flex-container nonhundred-percent-fullwidth non-hundred-percent-height-scrolling\" style=\"background-color: rgba(255,255,255,0);background-position: center center;background-repeat: no-repeat;border-width: 0px 0px 0px 0px;border-color:#e2e2e2;border-style:solid;\" ><div class=\"fusion-builder-row fusion-row fusion-flex-align-items-flex-start fusion-flex-justify-content-center\" style=\"max-width:1497.6px;margin-left: calc(-4% \/ 2 );margin-right: calc(-4% \/ 2 );\"><div class=\"fusion-layout-column fusion_builder_column fusion-builder-column-4 fusion_builder_column_2_5 2_5 fusion-flex-column\"><div class=\"fusion-column-wrapper fusion-flex-justify-content-flex-start fusion-content-layout-column\" style=\"background-position:left top;background-repeat:no-repeat;-webkit-background-size:cover;-moz-background-size:cover;-o-background-size:cover;background-size:cover;padding: 0px 0px 0px 0px;\"><div class=\"fusion-text fusion-text-3\"><p>Para esta primavera-ver\u00e3o de 2022, Le Club est\u00e1 impregnada da brisa mediterr\u00e2nica, das ondas do mar, do aroma a sal e do desejo de viver o momento.<br \/>\nA cor tem um enorme destaque nas v\u00e1rias linhas da cole\u00e7\u00e3o. Os dourados continuam a brilhar intensamente e s\u00e3o combinados com esmaltes coloridos, pedras naturais, p\u00e9rolas barrocas e zirc\u00f3nias. Mas, s\u00e3o tamb\u00e9m apresentados lisos em grandes argolas e originais brincos em forma de tubo.<br \/>\nAs correntes voltam em for\u00e7a e Salvatore Plata adapta-as a uma linha de brincos, colares, an\u00e9is e pulseiras em dourado muito na moda.<br \/>\nPara as mais atrevidas, prop\u00f5e a Jungle, uma linha de an\u00e9is, brincos e colares com cabe\u00e7a de tigre e serpente.<br \/>\nA p\u00e9rola barroca \u00e9 reinventada em joias de design original, com tiras de p\u00e9rolas em argolas e pingentes que combinam estrelas, luas e penas \u2013 com banho de r\u00f3dio ou de ouro.<\/p>\n<\/div><\/div><style type=\"text\/css\">.fusion-body .fusion-builder-column-4{width:40% !important;margin-top : 0px;margin-bottom : 20px;}.fusion-builder-column-4 > .fusion-column-wrapper {padding-top : 0px !important;padding-right : 0px !important;margin-right : 4.8%;padding-bottom : 0px !important;padding-left : 0px !important;margin-left : 4.8%;}@media only screen and (max-width:1024px) {.fusion-body .fusion-builder-column-4{width:40% !important;order : 0;}.fusion-builder-column-4 > .fusion-column-wrapper {margin-right : 4.8%;margin-left : 4.8%;}}@media only screen and (max-width:640px) {.fusion-body .fusion-builder-column-4{width:100% !important;order : 0;}.fusion-builder-column-4 > .fusion-column-wrapper {margin-right : 1.92%;margin-left : 1.92%;}}<\/style><\/div><div class=\"fusion-layout-column fusion_builder_column fusion-builder-column-5 fusion_builder_column_2_5 2_5 fusion-flex-column\"><div class=\"fusion-column-wrapper fusion-flex-justify-content-flex-start fusion-content-layout-column\" style=\"background-position:left top;background-repeat:no-repeat;-webkit-background-size:cover;-moz-background-size:cover;-o-background-size:cover;background-size:cover;padding: 0px 0px 0px 0px;\"><div class=\"fusion-text fusion-text-4\"><p>A sua linha mais org\u00e2nica regressa com elegantes combina\u00e7\u00f5es de pedras naturais, tais como rubis, jades, ametistas, pedras da lua e, em especial, o larimar, que nos transporta para o azul infinito do oceano.<br \/>\nAs cole\u00e7\u00f5es Salvatore Plata reservam sempre um lugar de destaque para as noivas e as convidadas! Para esta primavera-ver\u00e3o, as protagonistas s\u00e3o, sem d\u00favida, as minichaves com combina\u00e7\u00f5es de zirc\u00f5es em branco, morganita e verde gelo.<br \/>\nComo n\u00e3o podia deixar de ser, as nossas linhas mais m\u00edni est\u00e3o de volta repletas de cor.<br \/>\nMiscellany apresenta as novas tornozeleiras e os berloques mais divertidos com a linha Pop.<br \/>\nE a\u00ed vem a revolu\u00e7\u00e3o IN LOVE para quem quer mostrar o seu amor de uma forma n\u00e3o convencional. Seis colares diferentes em pequenos envelopes com mensagens muito especiais.<\/p>\n<\/div><\/div><style type=\"text\/css\">.fusion-body .fusion-builder-column-5{width:40% !important;margin-top : 0px;margin-bottom : 20px;}.fusion-builder-column-5 > .fusion-column-wrapper {padding-top : 0px !important;padding-right : 0px !important;margin-right : 4.8%;padding-bottom : 0px !important;padding-left : 0px !important;margin-left : 4.8%;}@media only screen and (max-width:1024px) {.fusion-body .fusion-builder-column-5{width:40% !important;order : 0;}.fusion-builder-column-5 > .fusion-column-wrapper {margin-right : 4.8%;margin-left : 4.8%;}}@media only screen and (max-width:640px) {.fusion-body .fusion-builder-column-5{width:100% !important;order : 0;}.fusion-builder-column-5 > .fusion-column-wrapper {margin-right : 1.92%;margin-left : 1.92%;}}<\/style><\/div><\/div><style type=\"text\/css\">.fusion-body .fusion-flex-container.fusion-builder-row-4{ padding-top : 0px;margin-top : 3rem;padding-right : 30px;padding-bottom : 0px;margin-bottom : 0px;padding-left : 30px;}<\/style><\/div><div class=\"fusion-fullwidth fullwidth-box fusion-builder-row-5 fusion-flex-container nonhundred-percent-fullwidth non-hundred-percent-height-scrolling\" style=\"background-color: rgba(255,255,255,0);background-position: center center;background-repeat: no-repeat;border-width: 0px 0px 0px 0px;border-color:#e2e2e2;border-style:solid;\" ><div class=\"fusion-builder-row fusion-row fusion-flex-align-items-flex-start fusion-flex-justify-content-center\" style=\"max-width:1497.6px;margin-left: calc(-4% \/ 2 );margin-right: calc(-4% \/ 2 );\"><div class=\"fusion-layout-column fusion_builder_column fusion-builder-column-6 fusion_builder_column_1_2 1_2 fusion-flex-column\"><div class=\"fusion-column-wrapper fusion-flex-justify-content-flex-start fusion-content-layout-column\" style=\"background-position:left top;background-repeat:no-repeat;-webkit-background-size:cover;-moz-background-size:cover;-o-background-size:cover;background-size:cover;padding: 0px 0px 0px 0px;\"><style type=\"text\/css\">@media only screen and (max-width:1024px) {.fusion-title.fusion-title-1{margin-top:10px!important; margin-right:0px!important;margin-bottom:0px!important;margin-left:0px!important;}}@media only screen and (max-width:640px) {.fusion-title.fusion-title-1{margin-top:10px!important; margin-right:0px!important;margin-bottom:10px!important; margin-left:0px!important;}}<\/style><div class=\"fusion-title title fusion-title-1 fusion-sep-none fusion-title-center fusion-title-text fusion-title-size-two\" style=\"font-size:4rem;margin-top:10px;margin-right:0px;margin-bottom:0px;margin-left:0px;\"><h2 class=\"title-heading-center\" style=\"font-family:Verdana, Geneva, sans-serif;font-weight:400;margin:0;font-size:1em;\">Cole\u00e7\u00e3o<\/h2><\/div><style type=\"text\/css\">@media only screen and (max-width:1024px) {.fusion-title.fusion-title-2{margin-top:0px!important; margin-right:0px!important;margin-bottom:0px!important;margin-left:0px!important;}}@media only screen and (max-width:640px) {.fusion-title.fusion-title-2{margin-top:10px!important; margin-right:0px!important;margin-bottom:10px!important; margin-left:0px!important;}}<\/style><div class=\"fusion-title title fusion-title-2 fusion-sep-none fusion-title-center fusion-title-text fusion-title-size-one\" style=\"font-size:5rem;margin-top:0px;margin-right:0px;margin-bottom:0px;margin-left:0px;\"><h1 class=\"title-heading-center\" style=\"font-family:&quot;K-Type - Banks Miles Double Line Dark&quot;;font-weight:400;margin:0;font-size:1em;\">Spring\/Summer<\/h1><\/div><style type=\"text\/css\">@media only screen and (max-width:1024px) {.fusion-title.fusion-title-3{margin-top:0px!important; margin-right:0px!important;margin-bottom:15px!important;margin-left:0px!important;}}@media only screen and (max-width:640px) {.fusion-title.fusion-title-3{margin-top:10px!important; margin-right:0px!important;margin-bottom:10px!important; margin-left:0px!important;}}<\/style><div class=\"fusion-title title fusion-title-3 fusion-sep-none fusion-title-center fusion-title-text fusion-title-size-one\" style=\"font-size:5rem;margin-top:0px;margin-right:0px;margin-bottom:15px;margin-left:0px;\"><h1 class=\"title-heading-center\" style=\"font-family:&quot;K-Type - Banks Miles Double Line Dark&quot;;font-weight:400;margin:0;font-size:1em;\">2022<\/h1><\/div><\/div><style type=\"text\/css\">.fusion-body .fusion-builder-column-6{width:50% !important;margin-top : 0px;margin-bottom : 20px;}.fusion-builder-column-6 > .fusion-column-wrapper {padding-top : 0px !important;padding-right : 0px !important;margin-right : 3.84%;padding-bottom : 0px !important;padding-left : 0px !important;margin-left : 3.84%;}@media only screen and (max-width:1024px) {.fusion-body .fusion-builder-column-6{width:50% !important;order : 0;}.fusion-builder-column-6 > .fusion-column-wrapper {margin-right : 3.84%;margin-left : 3.84%;}}@media only screen and (max-width:640px) {.fusion-body .fusion-builder-column-6{width:100% !important;order : 0;}.fusion-builder-column-6 > .fusion-column-wrapper {margin-right : 1.92%;margin-left : 1.92%;}}<\/style><\/div><\/div><style type=\"text\/css\">.fusion-body .fusion-flex-container.fusion-builder-row-5{ padding-top : 0px;margin-top : 3rem;padding-right : 30px;padding-bottom : 0px;margin-bottom : 0px;padding-left : 30px;}<\/style><\/div><\/p>\n","protected":false},"excerpt":{"rendered":"","protected":false},"author":1,"featured_media":0,"parent":0,"menu_order":0,"comment_status":"closed","ping_status":"closed","template":"","meta":{"footnotes":""},"class_list":["post-10588","page","type-page","status-publish","hentry"],"_links":{"self":[{"href":"https:\/\/collections.salvatoreplata.es\/le-club-summer\/pt\/wp-json\/wp\/v2\/pages\/10588","targetHints":{"allow":["GET"]}}],"collection":[{"href":"https:\/\/collections.salvatoreplata.es\/le-club-summer\/pt\/wp-json\/wp\/v2\/pages"}],"about":[{"href":"https:\/\/collections.salvatoreplata.es\/le-club-summer\/pt\/wp-json\/wp\/v2\/types\/page"}],"author":[{"embeddable":true,"href":"https:\/\/collections.salvatoreplata.es\/le-club-summer\/pt\/wp-json\/wp\/v2\/users\/1"}],"replies":[{"embeddable":true,"href":"https:\/\/collections.salvatoreplata.es\/le-club-summer\/pt\/wp-json\/wp\/v2\/comments?post=10588"}],"version-history":[{"count":8,"href":"https:\/\/collections.salvatoreplata.es\/le-club-summer\/pt\/wp-json\/wp\/v2\/pages\/10588\/revisions"}],"predecessor-version":[{"id":10763,"href":"https:\/\/collections.salvatoreplata.es\/le-club-summer\/pt\/wp-json\/wp\/v2\/pages\/10588\/revisions\/10763"}],"wp:attachment":[{"href":"https:\/\/collections.salvatoreplata.es\/le-club-summer\/pt\/wp-json\/wp\/v2\/media?parent=10588"}],"curies":[{"name":"wp","href":"https:\/\/api.w.org\/{rel}","templated":true}]}}