{"id":346,"date":"2021-02-19T15:08:34","date_gmt":"2021-02-19T14:08:34","guid":{"rendered":"https:\/\/collections.salvatoreplata.es\/le-club-summer\/?page_id=346"},"modified":"2023-08-31T09:20:14","modified_gmt":"2023-08-31T07:20:14","slug":"inspiracion","status":"publish","type":"page","link":"https:\/\/collections.salvatoreplata.es\/legacy\/inspiracion\/","title":{"rendered":"Inspiraci\u00f3n"},"content":{"rendered":"<p><div class=\"fusion-fullwidth fullwidth-box fusion-builder-row-1 fusion-flex-container nonhundred-percent-fullwidth non-hundred-percent-height-scrolling\" style=\"--awb-background-position:center bottom;--awb-border-radius-top-left:0px;--awb-border-radius-top-right:0px;--awb-border-radius-bottom-right:0px;--awb-border-radius-bottom-left:0px;--awb-padding-top:0px;--awb-padding-right:0px;--awb-padding-bottom:0px;--awb-padding-left:0px;--awb-margin-top:0px;\" ><div class=\"fusion-builder-row fusion-row fusion-flex-align-items-center fusion-flex-align-content-flex-end fusion-flex-justify-content-center\" style=\"max-width:1497.6px;margin-left: calc(-4% \/ 2 );margin-right: calc(-4% \/ 2 );\"><div class=\"fusion-layout-column fusion_builder_column fusion-builder-column-0 fusion_builder_column_1_1 1_1 fusion-flex-column fusion-flex-align-self-center\" style=\"--awb-padding-top:0px;--awb-padding-right:0px;--awb-padding-bottom:0px;--awb-padding-left:0px;--awb-bg-size:cover;--awb-width-large:100%;--awb-margin-top-large:0px;--awb-spacing-right-large:1.92%;--awb-margin-bottom-large:20px;--awb-spacing-left-large:1.92%;--awb-width-medium:100%;--awb-order-medium:0;--awb-spacing-right-medium:1.92%;--awb-spacing-left-medium:1.92%;--awb-width-small:100%;--awb-order-small:0;--awb-spacing-right-small:1.92%;--awb-spacing-left-small:1.92%;\"><div class=\"fusion-column-wrapper fusion-column-has-shadow fusion-flex-justify-content-center fusion-content-layout-column\"><div class=\"fusion-image-element \" style=\"text-align:center;--awb-caption-title-size:var(--h2_typography-font-size);--awb-caption-title-transform:var(--h2_typography-text-transform);--awb-caption-title-line-height:var(--h2_typography-line-height);--awb-caption-title-letter-spacing:var(--h2_typography-letter-spacing);\"><span class=\" fusion-imageframe imageframe-none imageframe-1 hover-type-none\"><img decoding=\"async\" width=\"2332\" height=\"1218\" title=\"foto_intro\" src=\"https:\/\/collections.salvatoreplata.es\/legacy\/wp-content\/uploads\/2023\/08\/foto_intro.jpg\" alt class=\"img-responsive wp-image-7434\" srcset=\"https:\/\/collections.salvatoreplata.es\/legacy\/wp-content\/uploads\/2023\/08\/foto_intro-200x104.jpg 200w, https:\/\/collections.salvatoreplata.es\/legacy\/wp-content\/uploads\/2023\/08\/foto_intro-400x209.jpg 400w, https:\/\/collections.salvatoreplata.es\/legacy\/wp-content\/uploads\/2023\/08\/foto_intro-600x313.jpg 600w, https:\/\/collections.salvatoreplata.es\/legacy\/wp-content\/uploads\/2023\/08\/foto_intro-800x418.jpg 800w, https:\/\/collections.salvatoreplata.es\/legacy\/wp-content\/uploads\/2023\/08\/foto_intro-1200x627.jpg 1200w, https:\/\/collections.salvatoreplata.es\/legacy\/wp-content\/uploads\/2023\/08\/foto_intro.jpg 2332w\" sizes=\"(max-width: 640px) 100vw, 2332px\" \/><\/span><\/div><\/div><\/div><\/div><\/div><div class=\"fusion-fullwidth fullwidth-box fusion-builder-row-2 fusion-flex-container nonhundred-percent-fullwidth non-hundred-percent-height-scrolling\" style=\"--awb-border-radius-top-left:0px;--awb-border-radius-top-right:0px;--awb-border-radius-bottom-right:0px;--awb-border-radius-bottom-left:0px;--awb-margin-top:50px;\" ><div class=\"fusion-builder-row fusion-row fusion-flex-align-items-flex-start\" style=\"max-width:1497.6px;margin-left: calc(-4% \/ 2 );margin-right: calc(-4% \/ 2 );\"><div class=\"fusion-layout-column fusion_builder_column fusion-builder-column-1 fusion_builder_column_1_2 1_2 fusion-flex-column\" style=\"--awb-bg-size:cover;--awb-width-large:50%;--awb-margin-top-large:0px;--awb-spacing-right-large:3.84%;--awb-margin-bottom-large:20px;--awb-spacing-left-large:3.84%;--awb-width-medium:50%;--awb-order-medium:0;--awb-spacing-right-medium:3.84%;--awb-spacing-left-medium:3.84%;--awb-width-small:100%;--awb-order-small:0;--awb-spacing-right-small:1.92%;--awb-spacing-left-small:1.92%;\"><div class=\"fusion-column-wrapper fusion-column-has-shadow fusion-flex-justify-content-flex-start fusion-content-layout-column\"><div class=\"fusion-text fusion-text-1\" style=\"--awb-text-font-family:&quot;Josefin Sans&quot;;--awb-text-font-style:normal;--awb-text-font-weight:300;\"><p>Te presentamos la nueva colecci\u00f3n Oto\u00f1o-Invierno<br \/>\n2023\/24 de Salvatore Plata: un tributo a la eternidad<br \/>\ndel arte, la belleza y las culturas ancestrales.<\/p>\n<p>Sabemos que el pasado todav\u00eda tiene mucho que aportarnos<br \/>\na la hora de crear la joyer\u00eda de nuestros d\u00edas. Por<br \/>\neso, hemos revisitado los or\u00edgenes buscando inspiraci\u00f3n.<br \/>\nEl nacimiento de la joyer\u00eda, aquellas fascinantes culturas<br \/>\nde anta\u00f1o o el esplendoroso antiguo Egipto que nos ha<br \/>\ncautivado especialmente.<\/p>\n<\/div><\/div><\/div><div class=\"fusion-layout-column fusion_builder_column fusion-builder-column-2 fusion_builder_column_1_2 1_2 fusion-flex-column\" style=\"--awb-bg-size:cover;--awb-width-large:50%;--awb-margin-top-large:0px;--awb-spacing-right-large:3.84%;--awb-margin-bottom-large:20px;--awb-spacing-left-large:3.84%;--awb-width-medium:50%;--awb-order-medium:0;--awb-spacing-right-medium:3.84%;--awb-spacing-left-medium:3.84%;--awb-width-small:100%;--awb-order-small:0;--awb-spacing-right-small:1.92%;--awb-spacing-left-small:1.92%;\"><div class=\"fusion-column-wrapper fusion-column-has-shadow fusion-flex-justify-content-flex-start fusion-content-layout-column\"><div class=\"fusion-text fusion-text-2\" style=\"--awb-text-font-family:&quot;Josefin Sans&quot;;--awb-text-font-style:normal;--awb-text-font-weight:300;\"><p>Y de este viaje al pasado, hemos vuelto con elementos<br \/>\nic\u00f3nicos de la joyer\u00eda antigua para crear piezas que capturan<br \/>\nla magia y el misterio de aquellas \u00e9pocas. Dise\u00f1os<br \/>\nintrincados y detalles elaborados para joyas que reflejan<br \/>\nuna perfecta fusi\u00f3n de historia &amp; modernidad.<\/p>\n<p>Una nueva colecci\u00f3n que rinde homenaje a la belleza y<br \/>\nal simbolismo de las joyas ancestrales, donde cada pieza<br \/>\nse convierte en testimonio de nuestra pasi\u00f3n por revivir<br \/>\nla grandeza del pasado para reinterpretarla y traerla al<br \/>\npresente.<\/p>\n<\/div><\/div><\/div><\/div><\/div><div class=\"fusion-fullwidth fullwidth-box fusion-builder-row-3 fusion-flex-container nonhundred-percent-fullwidth non-hundred-percent-height-scrolling\" style=\"--awb-background-position:right top;--awb-border-radius-top-left:0px;--awb-border-radius-top-right:0px;--awb-border-radius-bottom-right:0px;--awb-border-radius-bottom-left:0px;\" ><div class=\"fusion-builder-row fusion-row fusion-flex-align-items-flex-start\" style=\"max-width:1497.6px;margin-left: calc(-4% \/ 2 );margin-right: calc(-4% \/ 2 );\"><div class=\"fusion-layout-column fusion_builder_column fusion-builder-column-3 fusion_builder_column_1_1 1_1 fusion-flex-column\" style=\"--awb-bg-size:cover;--awb-width-large:100%;--awb-margin-top-large:0px;--awb-spacing-right-large:1.92%;--awb-margin-bottom-large:20px;--awb-spacing-left-large:1.92%;--awb-width-medium:100%;--awb-order-medium:0;--awb-spacing-right-medium:1.92%;--awb-spacing-left-medium:1.92%;--awb-width-small:100%;--awb-order-small:0;--awb-spacing-right-small:1.92%;--awb-spacing-left-small:1.92%;\"><div class=\"fusion-column-wrapper fusion-column-has-shadow fusion-flex-justify-content-flex-start fusion-content-layout-column\"><div class=\"fusion-image-carousel fusion-image-carousel-auto fusion-image-carousel-1\"><div class=\"awb-carousel awb-swiper awb-swiper-carousel\" data-autoplay=\"yes\" data-columns=\"4\" data-itemmargin=\"13\" data-itemwidth=\"180\" data-touchscroll=\"no\" data-imagesize=\"auto\" style=\"--awb-columns:4;\"><div class=\"swiper-wrapper fusion-flex-align-items-center\"><div class=\"swiper-slide\"><div class=\"fusion-carousel-item-wrapper\"><div class=\"fusion-image-wrapper hover-type-none\"><a href=\"https:\/\/collections.salvatoreplata.es\/legacy\/coleccion\/nile\/\" target=\"_self\"><img decoding=\"async\" width=\"615\" height=\"615\" src=\"https:\/\/collections.salvatoreplata.es\/legacy\/wp-content\/uploads\/2023\/08\/nile.jpg\" class=\"attachment-full size-full\" alt=\"\" srcset=\"https:\/\/collections.salvatoreplata.es\/legacy\/wp-content\/uploads\/2023\/08\/nile-200x200.jpg 200w, https:\/\/collections.salvatoreplata.es\/legacy\/wp-content\/uploads\/2023\/08\/nile-400x400.jpg 400w, https:\/\/collections.salvatoreplata.es\/legacy\/wp-content\/uploads\/2023\/08\/nile-600x600.jpg 600w, https:\/\/collections.salvatoreplata.es\/legacy\/wp-content\/uploads\/2023\/08\/nile.jpg 615w\" sizes=\"(min-width: 2200px) 100vw, (min-width: 856px) 350px, (min-width: 784px) 467px, (min-width: 712px) 701px, (min-width: 640px) 712px, \" \/><\/a><\/div><\/div><\/div><div class=\"swiper-slide\"><div class=\"fusion-carousel-item-wrapper\"><div class=\"fusion-image-wrapper hover-type-none\"><a href=\"https:\/\/collections.salvatoreplata.es\/legacy\/coleccion\/life-in-gold\/\" target=\"_self\"><img decoding=\"async\" width=\"615\" height=\"615\" src=\"https:\/\/collections.salvatoreplata.es\/legacy\/wp-content\/uploads\/2023\/08\/life_in_gold.jpg\" class=\"attachment-full size-full\" alt=\"\" srcset=\"https:\/\/collections.salvatoreplata.es\/legacy\/wp-content\/uploads\/2023\/08\/life_in_gold-200x200.jpg 200w, https:\/\/collections.salvatoreplata.es\/legacy\/wp-content\/uploads\/2023\/08\/life_in_gold-400x400.jpg 400w, https:\/\/collections.salvatoreplata.es\/legacy\/wp-content\/uploads\/2023\/08\/life_in_gold-600x600.jpg 600w, https:\/\/collections.salvatoreplata.es\/legacy\/wp-content\/uploads\/2023\/08\/life_in_gold.jpg 615w\" sizes=\"(min-width: 2200px) 100vw, (min-width: 856px) 350px, (min-width: 784px) 467px, (min-width: 712px) 701px, (min-width: 640px) 712px, \" \/><\/a><\/div><\/div><\/div><div class=\"swiper-slide\"><div class=\"fusion-carousel-item-wrapper\"><div class=\"fusion-image-wrapper hover-type-none\"><a href=\"https:\/\/collections.salvatoreplata.es\/legacy\/coleccion\/nefer\/\" target=\"_self\"><img decoding=\"async\" width=\"615\" height=\"615\" src=\"https:\/\/collections.salvatoreplata.es\/legacy\/wp-content\/uploads\/2023\/08\/nefer.jpg\" class=\"attachment-full size-full\" alt=\"\" srcset=\"https:\/\/collections.salvatoreplata.es\/legacy\/wp-content\/uploads\/2023\/08\/nefer-200x200.jpg 200w, https:\/\/collections.salvatoreplata.es\/legacy\/wp-content\/uploads\/2023\/08\/nefer-400x400.jpg 400w, https:\/\/collections.salvatoreplata.es\/legacy\/wp-content\/uploads\/2023\/08\/nefer-600x600.jpg 600w, https:\/\/collections.salvatoreplata.es\/legacy\/wp-content\/uploads\/2023\/08\/nefer.jpg 615w\" sizes=\"(min-width: 2200px) 100vw, (min-width: 856px) 350px, (min-width: 784px) 467px, (min-width: 712px) 701px, (min-width: 640px) 712px, \" \/><\/a><\/div><\/div><\/div><div class=\"swiper-slide\"><div class=\"fusion-carousel-item-wrapper\"><div class=\"fusion-image-wrapper hover-type-none\"><a href=\"https:\/\/collections.salvatoreplata.es\/legacy\/coleccion\/helenica\/\" target=\"_self\"><img decoding=\"async\" width=\"615\" height=\"615\" src=\"https:\/\/collections.salvatoreplata.es\/legacy\/wp-content\/uploads\/2023\/08\/helenica.jpg\" class=\"attachment-full size-full\" alt=\"\" srcset=\"https:\/\/collections.salvatoreplata.es\/legacy\/wp-content\/uploads\/2023\/08\/helenica-200x200.jpg 200w, https:\/\/collections.salvatoreplata.es\/legacy\/wp-content\/uploads\/2023\/08\/helenica-400x400.jpg 400w, https:\/\/collections.salvatoreplata.es\/legacy\/wp-content\/uploads\/2023\/08\/helenica-600x600.jpg 600w, https:\/\/collections.salvatoreplata.es\/legacy\/wp-content\/uploads\/2023\/08\/helenica.jpg 615w\" sizes=\"(min-width: 2200px) 100vw, (min-width: 856px) 350px, (min-width: 784px) 467px, (min-width: 712px) 701px, (min-width: 640px) 712px, \" \/><\/a><\/div><\/div><\/div><div class=\"swiper-slide\"><div class=\"fusion-carousel-item-wrapper\"><div class=\"fusion-image-wrapper hover-type-none\"><a href=\"https:\/\/collections.salvatoreplata.es\/legacy\/coleccion\/jungle\/\" target=\"_self\"><img decoding=\"async\" width=\"615\" height=\"615\" src=\"https:\/\/collections.salvatoreplata.es\/legacy\/wp-content\/uploads\/2023\/08\/jungle.jpg\" class=\"attachment-full size-full\" alt=\"\" srcset=\"https:\/\/collections.salvatoreplata.es\/legacy\/wp-content\/uploads\/2023\/08\/jungle-200x200.jpg 200w, https:\/\/collections.salvatoreplata.es\/legacy\/wp-content\/uploads\/2023\/08\/jungle-400x400.jpg 400w, https:\/\/collections.salvatoreplata.es\/legacy\/wp-content\/uploads\/2023\/08\/jungle-600x600.jpg 600w, https:\/\/collections.salvatoreplata.es\/legacy\/wp-content\/uploads\/2023\/08\/jungle.jpg 615w\" sizes=\"(min-width: 2200px) 100vw, (min-width: 856px) 350px, (min-width: 784px) 467px, (min-width: 712px) 701px, (min-width: 640px) 712px, \" \/><\/a><\/div><\/div><\/div><div class=\"swiper-slide\"><div class=\"fusion-carousel-item-wrapper\"><div class=\"fusion-image-wrapper hover-type-none\"><a href=\"https:\/\/collections.salvatoreplata.es\/legacy\/coleccion\/bamboo\/\" target=\"_self\"><img decoding=\"async\" width=\"615\" height=\"615\" src=\"https:\/\/collections.salvatoreplata.es\/legacy\/wp-content\/uploads\/2023\/08\/bamboo.jpg\" class=\"attachment-full size-full\" alt=\"\" srcset=\"https:\/\/collections.salvatoreplata.es\/legacy\/wp-content\/uploads\/2023\/08\/bamboo-200x200.jpg 200w, https:\/\/collections.salvatoreplata.es\/legacy\/wp-content\/uploads\/2023\/08\/bamboo-400x400.jpg 400w, https:\/\/collections.salvatoreplata.es\/legacy\/wp-content\/uploads\/2023\/08\/bamboo-600x600.jpg 600w, https:\/\/collections.salvatoreplata.es\/legacy\/wp-content\/uploads\/2023\/08\/bamboo.jpg 615w\" sizes=\"(min-width: 2200px) 100vw, (min-width: 856px) 350px, (min-width: 784px) 467px, (min-width: 712px) 701px, (min-width: 640px) 712px, \" \/><\/a><\/div><\/div><\/div><div class=\"swiper-slide\"><div class=\"fusion-carousel-item-wrapper\"><div class=\"fusion-image-wrapper hover-type-none\"><a href=\"https:\/\/collections.salvatoreplata.es\/legacy\/coleccion\/ninfa\/\" target=\"_self\"><img decoding=\"async\" width=\"615\" height=\"615\" src=\"https:\/\/collections.salvatoreplata.es\/legacy\/wp-content\/uploads\/2023\/08\/ninfa.jpg\" class=\"attachment-full size-full\" alt=\"\" srcset=\"https:\/\/collections.salvatoreplata.es\/legacy\/wp-content\/uploads\/2023\/08\/ninfa-200x200.jpg 200w, https:\/\/collections.salvatoreplata.es\/legacy\/wp-content\/uploads\/2023\/08\/ninfa-400x400.jpg 400w, https:\/\/collections.salvatoreplata.es\/legacy\/wp-content\/uploads\/2023\/08\/ninfa-600x600.jpg 600w, https:\/\/collections.salvatoreplata.es\/legacy\/wp-content\/uploads\/2023\/08\/ninfa.jpg 615w\" sizes=\"(min-width: 2200px) 100vw, (min-width: 856px) 350px, (min-width: 784px) 467px, (min-width: 712px) 701px, (min-width: 640px) 712px, \" \/><\/a><\/div><\/div><\/div><div class=\"swiper-slide\"><div class=\"fusion-carousel-item-wrapper\"><div class=\"fusion-image-wrapper hover-type-none\"><a href=\"https:\/\/collections.salvatoreplata.es\/legacy\/coleccion\/balanced\/\" target=\"_self\"><img decoding=\"async\" width=\"615\" height=\"615\" src=\"https:\/\/collections.salvatoreplata.es\/legacy\/wp-content\/uploads\/2023\/08\/balanced.jpg\" class=\"attachment-full size-full\" alt=\"\" srcset=\"https:\/\/collections.salvatoreplata.es\/legacy\/wp-content\/uploads\/2023\/08\/balanced-200x200.jpg 200w, https:\/\/collections.salvatoreplata.es\/legacy\/wp-content\/uploads\/2023\/08\/balanced-400x400.jpg 400w, https:\/\/collections.salvatoreplata.es\/legacy\/wp-content\/uploads\/2023\/08\/balanced-600x600.jpg 600w, https:\/\/collections.salvatoreplata.es\/legacy\/wp-content\/uploads\/2023\/08\/balanced.jpg 615w\" sizes=\"(min-width: 2200px) 100vw, (min-width: 856px) 350px, (min-width: 784px) 467px, (min-width: 712px) 701px, (min-width: 640px) 712px, \" \/><\/a><\/div><\/div><\/div><\/div><div class=\"awb-swiper-button awb-swiper-button-prev\"><i class=\"awb-icon-angle-left\" aria-hidden=\"true\"><\/i><\/div><div class=\"awb-swiper-button awb-swiper-button-next\"><i class=\"awb-icon-angle-right\" aria-hidden=\"true\"><\/i><\/div><\/div><\/div><div class=\"fusion-text fusion-text-3\" style=\"--awb-content-alignment:center;--awb-text-transform:none;--awb-text-color:#232323;--awb-text-font-family:&quot;Josefin Sans&quot;;--awb-text-font-style:normal;--awb-text-font-weight:300;\"><p><a style=\"text-decoration: underline; color: black;\" href=\"https:\/\/collections.salvatoreplata.es\/legacy\/\">Ver todo<\/a><\/p>\n<\/div><\/div><\/div><\/div><\/div><div class=\"fusion-fullwidth fullwidth-box fusion-builder-row-4 fusion-flex-container nonhundred-percent-fullwidth non-hundred-percent-height-scrolling\" style=\"--awb-border-radius-top-left:0px;--awb-border-radius-top-right:0px;--awb-border-radius-bottom-right:0px;--awb-border-radius-bottom-left:0px;--awb-margin-top:50px;\" ><div class=\"fusion-builder-row fusion-row fusion-flex-align-items-flex-start\" style=\"max-width:1497.6px;margin-left: calc(-4% \/ 2 );margin-right: calc(-4% \/ 2 );\"><div class=\"fusion-layout-column fusion_builder_column fusion-builder-column-4 fusion_builder_column_1_2 1_2 fusion-flex-column\" style=\"--awb-bg-size:cover;--awb-width-large:50%;--awb-margin-top-large:0px;--awb-spacing-right-large:3.84%;--awb-margin-bottom-large:20px;--awb-spacing-left-large:3.84%;--awb-width-medium:50%;--awb-order-medium:0;--awb-spacing-right-medium:3.84%;--awb-spacing-left-medium:3.84%;--awb-width-small:100%;--awb-order-small:0;--awb-spacing-right-small:1.92%;--awb-spacing-left-small:1.92%;\"><div class=\"fusion-column-wrapper fusion-column-has-shadow fusion-flex-justify-content-flex-start fusion-content-layout-column\"><div class=\"fusion-text fusion-text-4\" style=\"--awb-text-font-family:&quot;Josefin Sans&quot;;--awb-text-font-style:normal;--awb-text-font-weight:300;\"><p>Disfruta descubriendo la influencia del antiguo Egipto en<br \/>\nnuevas l\u00edneas como <strong style=\"font-weight: 600;\">Nile<\/strong>, en la que el dorado es absoluto<br \/>\nprotagonista, junto a un chapado muy especial en color gris<br \/>\nantracita. <strong style=\"font-weight: 600;\">Nefer<\/strong>, donde la espectacular belleza de los rosas<br \/>\nintensos, los verdes esmeralda y los azules, brilla con fuerza<br \/>\nen dise\u00f1os actuales y muy femeninos. O <strong style=\"font-weight: 600;\">Ninfa<\/strong>, con broches<br \/>\nlib\u00e9lula que nos conectan con las deidades del agua.<br \/>\nL\u00edneas ya conocidas como<strong style=\"font-weight: 600;\"> Life in Gold<\/strong>, <strong style=\"font-weight: 600;\">Jungle<\/strong> o <strong style=\"font-weight: 600;\">Lights<\/strong><br \/>\ntambi\u00e9n beben de esta inspiraci\u00f3n, revisitando lo m\u00e1s aut\u00e9ntico<br \/>\ny genuino de la joyer\u00eda antigua. Y por supuesto, en la<br \/>\nnueva colecci\u00f3n de Salvatore Plata no pod\u00edan faltar nuestros<br \/>\nimprescindibles. <strong style=\"font-weight: 600;\">Balanced<\/strong>, esa l\u00ednea tan esperada cada temporada<br \/>\nen colores suaves y empolvados con inconfundibles dise\u00f1os<br \/>\nen plata ba\u00f1ada en rodio. <strong style=\"font-weight: 600;\">Bamboo<\/strong>, la l\u00ednea m\u00e1s ligera<br \/>\nde Salvatore Plata que sigue a\u00f1adiendo color a sus piezas.<\/p>\n<\/div><\/div><\/div><div class=\"fusion-layout-column fusion_builder_column fusion-builder-column-5 fusion_builder_column_1_2 1_2 fusion-flex-column\" style=\"--awb-bg-size:cover;--awb-width-large:50%;--awb-margin-top-large:0px;--awb-spacing-right-large:3.84%;--awb-margin-bottom-large:20px;--awb-spacing-left-large:3.84%;--awb-width-medium:50%;--awb-order-medium:0;--awb-spacing-right-medium:3.84%;--awb-spacing-left-medium:3.84%;--awb-width-small:100%;--awb-order-small:0;--awb-spacing-right-small:1.92%;--awb-spacing-left-small:1.92%;\"><div class=\"fusion-column-wrapper fusion-column-has-shadow fusion-flex-justify-content-flex-start fusion-content-layout-column\"><div class=\"fusion-text fusion-text-5\" style=\"--awb-text-font-family:&quot;Josefin Sans&quot;;--awb-text-font-style:normal;--awb-text-font-weight:300;\"><p><strong style=\"font-weight: 600;\">Minijewels<\/strong> con muchas novedades y complementos especiales<br \/>\ncomo los gemelos <strong style=\"font-weight: 600;\">HE<\/strong> para ell@s. Lo \u00faltimo de<br \/>\n<strong style=\"font-weight: 600;\">Miscellany<\/strong>, donde las l\u00edneas rectas se apoderan de las<br \/>\njoyas customizables de Salvatore Plata. Y, por supuesto, varias<br \/>\ncolecciones para las futuras novias y de sus invitadas.<\/p>\n<p><img decoding=\"async\" class=\"alignnone wp-image-7725\" src=\"https:\/\/collections.salvatoreplata.es\/legacy\/wp-content\/uploads\/2023\/08\/Recurso-6.png\" alt=\"\" width=\"284\" height=\"192\" srcset=\"https:\/\/collections.salvatoreplata.es\/legacy\/wp-content\/uploads\/2023\/08\/Recurso-6-200x135.png 200w, https:\/\/collections.salvatoreplata.es\/legacy\/wp-content\/uploads\/2023\/08\/Recurso-6.png 345w\" sizes=\"(max-width: 284px) 100vw, 284px\" \/><\/p>\n<\/div><\/div><\/div><\/div><\/div><div class=\"fusion-fullwidth fullwidth-box fusion-builder-row-5 fusion-flex-container has-pattern-background has-mask-background nonhundred-percent-fullwidth non-hundred-percent-height-scrolling\" style=\"--awb-background-position:right top;--awb-border-radius-top-left:0px;--awb-border-radius-top-right:0px;--awb-border-radius-bottom-right:0px;--awb-border-radius-bottom-left:0px;--awb-margin-top:50px;--awb-background-color:#ededed;\" ><div class=\"fusion-builder-row fusion-row fusion-flex-align-items-center fusion-flex-justify-content-center\" style=\"max-width:1497.6px;margin-left: calc(-4% \/ 2 );margin-right: calc(-4% \/ 2 );\"><div class=\"fusion-layout-column fusion_builder_column fusion-builder-column-6 fusion_builder_column_1_3 1_3 fusion-flex-column\" style=\"--awb-bg-size:cover;--awb-width-large:33.333333333333%;--awb-margin-top-large:0px;--awb-spacing-right-large:5.76%;--awb-margin-bottom-large:20px;--awb-spacing-left-large:5.76%;--awb-width-medium:33.333333333333%;--awb-order-medium:0;--awb-spacing-right-medium:5.76%;--awb-spacing-left-medium:5.76%;--awb-width-small:100%;--awb-order-small:0;--awb-spacing-right-small:1.92%;--awb-spacing-left-small:1.92%;\"><div class=\"fusion-column-wrapper fusion-column-has-shadow fusion-flex-justify-content-flex-start fusion-content-layout-column\"><\/div><\/div><div class=\"fusion-layout-column fusion_builder_column fusion-builder-column-7 fusion_builder_column_1_3 1_3 fusion-flex-column\" style=\"--awb-bg-size:cover;--awb-width-large:33.333333333333%;--awb-margin-top-large:0px;--awb-spacing-right-large:5.76%;--awb-margin-bottom-large:20px;--awb-spacing-left-large:5.76%;--awb-width-medium:33.333333333333%;--awb-order-medium:0;--awb-spacing-right-medium:5.76%;--awb-spacing-left-medium:5.76%;--awb-width-small:100%;--awb-order-small:0;--awb-spacing-right-small:1.92%;--awb-spacing-left-small:1.92%;\"><div class=\"fusion-column-wrapper fusion-column-has-shadow fusion-flex-justify-content-flex-start fusion-content-layout-column\"><div class=\"fusion-image-element \" style=\"text-align:center;--awb-caption-title-size:var(--h2_typography-font-size);--awb-caption-title-transform:var(--h2_typography-text-transform);--awb-caption-title-line-height:var(--h2_typography-line-height);--awb-caption-title-letter-spacing:var(--h2_typography-letter-spacing);\"><span class=\" fusion-imageframe imageframe-none imageframe-2 hover-type-none\"><a class=\"fusion-no-lightbox\" href=\"https:\/\/collections.salvatoreplata.es\/legacy\/\" target=\"_self\" aria-label=\"Fall-Winter-collection-23-24\"><img decoding=\"async\" width=\"509\" height=\"267\" src=\"https:\/\/collections.salvatoreplata.es\/legacy\/wp-content\/uploads\/2023\/08\/Fall-Winter-collection-23-24.png\" alt class=\"img-responsive wp-image-7463\" srcset=\"https:\/\/collections.salvatoreplata.es\/legacy\/wp-content\/uploads\/2023\/08\/Fall-Winter-collection-23-24-200x105.png 200w, https:\/\/collections.salvatoreplata.es\/legacy\/wp-content\/uploads\/2023\/08\/Fall-Winter-collection-23-24-400x210.png 400w, https:\/\/collections.salvatoreplata.es\/legacy\/wp-content\/uploads\/2023\/08\/Fall-Winter-collection-23-24.png 509w\" sizes=\"(max-width: 640px) 100vw, 509px\" \/><\/a><\/span><\/div><\/div><\/div><div class=\"fusion-layout-column fusion_builder_column fusion-builder-column-8 fusion_builder_column_1_3 1_3 fusion-flex-column\" style=\"--awb-bg-size:cover;--awb-width-large:33.333333333333%;--awb-margin-top-large:0px;--awb-spacing-right-large:5.76%;--awb-margin-bottom-large:20px;--awb-spacing-left-large:5.76%;--awb-width-medium:33.333333333333%;--awb-order-medium:0;--awb-spacing-right-medium:5.76%;--awb-spacing-left-medium:5.76%;--awb-width-small:100%;--awb-order-small:0;--awb-spacing-right-small:1.92%;--awb-spacing-left-small:1.92%;\"><div class=\"fusion-column-wrapper fusion-column-has-shadow fusion-flex-justify-content-flex-start fusion-content-layout-column\"><\/div><\/div><\/div><\/div><\/p>\n","protected":false},"excerpt":{"rendered":"","protected":false},"author":1,"featured_media":0,"parent":0,"menu_order":0,"comment_status":"closed","ping_status":"closed","template":"","meta":{"footnotes":""},"class_list":["post-346","page","type-page","status-publish","hentry"],"_links":{"self":[{"href":"https:\/\/collections.salvatoreplata.es\/legacy\/wp-json\/wp\/v2\/pages\/346","targetHints":{"allow":["GET"]}}],"collection":[{"href":"https:\/\/collections.salvatoreplata.es\/legacy\/wp-json\/wp\/v2\/pages"}],"about":[{"href":"https:\/\/collections.salvatoreplata.es\/legacy\/wp-json\/wp\/v2\/types\/page"}],"author":[{"embeddable":true,"href":"https:\/\/collections.salvatoreplata.es\/legacy\/wp-json\/wp\/v2\/users\/1"}],"replies":[{"embeddable":true,"href":"https:\/\/collections.salvatoreplata.es\/legacy\/wp-json\/wp\/v2\/comments?post=346"}],"version-history":[{"count":81,"href":"https:\/\/collections.salvatoreplata.es\/legacy\/wp-json\/wp\/v2\/pages\/346\/revisions"}],"predecessor-version":[{"id":10413,"href":"https:\/\/collections.salvatoreplata.es\/legacy\/wp-json\/wp\/v2\/pages\/346\/revisions\/10413"}],"wp:attachment":[{"href":"https:\/\/collections.salvatoreplata.es\/legacy\/wp-json\/wp\/v2\/media?parent=346"}],"curies":[{"name":"wp","href":"https:\/\/api.w.org\/{rel}","templated":true}]}}